{"id":301,"date":"2024-06-27T11:08:51","date_gmt":"2024-06-27T09:08:51","guid":{"rendered":"https:\/\/paxtraios.com\/?page_id=301"},"modified":"2025-01-18T15:46:26","modified_gmt":"2025-01-18T14:46:26","slug":"documents","status":"publish","type":"page","link":"https:\/\/paxtraios.com\/index.php\/documents\/","title":{"rendered":"Documents"},"content":{"rendered":"\n<p><strong>Documents officiels de l&#8217;opus 2 (mis \u00e0 jour depuis l&#8217;opus 1).<\/strong><\/p>\n\n\n\n<p><em>Si vous avez t\u00e9l\u00e9charg\u00e9 les documents de l&#8217;opus 1, il faut les supprimer et r\u00e9cup\u00e9rer tous ceux de l&#8217;opus 2.<\/em><\/p>\n\n\n\n<p class=\"has-text-color has-link-color\" style=\"color:#4175d6\"><strong>Choisir sa civilisation : <strong><a href=\"http:\/\/paxtraios.com\/wp-content\/uploads\/2024\/07\/PAXTRAIOS-2025-Les-14-civilisations-Complet.pdf\" target=\"_blank\" rel=\"noopener\">Pr\u00e9sentation de l&#8217;univers et des 14 civilisations<\/a><\/strong><\/p>\n\n\n\n<p class=\"has-text-color has-link-color\" style=\"color:#4175d6\"><strong>Livre 1 : <strong><a href=\"http:\/\/paxtraios.com\/wp-content\/uploads\/2024\/07\/PAXTRAIOS-2025-Livre-1-Securite-et-fairplay.pdf\" target=\"_blank\" rel=\"noopener\">La s\u00e9curit\u00e9 et le fairplay (charte des bons comportements en GN)<\/a><\/strong><\/p>\n\n\n\n<p class=\"has-text-color has-link-color\" style=\"color:#4175d6\"><strong>Livre 2 : <strong><a href=\"http:\/\/paxtraios.com\/wp-content\/uploads\/2024\/09\/PAXTRAIOS-2025-Livre-2-Univers-20240929.pdf\" target=\"_blank\" rel=\"noopener\">L&#8217;univers (version du 29\/09\/2024)<\/a><\/strong><\/p>\n\n\n\n<ul class=\"wp-block-list\">\n<li><em><strong>Modification de la version du 29\/09\/2024 : <\/strong>ajout de la r\u00e9autorisation des Saigneurs du Destin dans le r\u00e9sume de l&#8217;opus 1, ajout de l&#8217;Ordo Fati dans les textes de loi officiels, ajout dans la constitution des r\u00e9f\u00e9rendums populaires (article 8) et de  la guerre de l&#8217;ombre (article 21).<\/em><\/li>\n<\/ul>\n\n\n\n<p>Livre 3 : Les r\u00e8gles du jeu galactique <em>(en cours de mise \u00e0 jour)<\/em><\/p>\n\n\n\n<p class=\"has-text-color has-link-color\" style=\"color:#4175d6\"><strong>Livre 4 : <strong><a href=\"http:\/\/paxtraios.com\/wp-content\/uploads\/2024\/09\/PAXTRAIOS-2025-Livre-4-Regles-du-jeu-presentiel-GN-1.pdf\" target=\"_blank\" rel=\"noopener\">Les r\u00e8gles du jeu pr\u00e9sentiel &#8211; GN<\/a><\/strong><\/p>\n\n\n\n<p class=\"has-text-color has-link-color\" style=\"color:#4175d6\"><strong>Livre 5 : <strong><a href=\"http:\/\/paxtraios.com\/wp-content\/uploads\/2025\/01\/PAXTRAIOS-2025-Livre-5-La-creation-de-personnages.pdf\" target=\"_blank\" rel=\"noopener\">La cr\u00e9ation de personnages et les comp\u00e9tences<\/a><\/strong><\/p>\n","protected":false},"excerpt":{"rendered":"<p>Documents officiels de l&#8217;opus 2 (mis \u00e0 jour depuis l&#8217;opus 1). Si vous avez t\u00e9l\u00e9charg\u00e9 les documents de l&#8217;opus 1, il faut les supprimer et r\u00e9cup\u00e9rer tous ceux de l&#8217;opus 2. Choisir sa civilisation : Pr\u00e9sentation de l&#8217;univers et des 14 civilisations Livre 1 : La s\u00e9curit\u00e9 et le fairplay (charte des bons comportements en&hellip;&nbsp;<a href=\"https:\/\/paxtraios.com\/index.php\/documents\/\" rel=\"bookmark\">Read More &raquo;<span class=\"screen-reader-text\">Documents<\/span><\/a><\/p>\n","protected":false},"author":1,"featured_media":0,"parent":0,"menu_order":0,"comment_status":"closed","ping_status":"closed","template":"","meta":{"neve_meta_sidebar":"","neve_meta_container":"","neve_meta_enable_content_width":"","neve_meta_content_width":0,"neve_meta_title_alignment":"","neve_meta_author_avatar":"","neve_post_elements_order":"","neve_meta_disable_header":"","neve_meta_disable_footer":"","neve_meta_disable_title":"","footnotes":""},"class_list":["post-301","page","type-page","status-publish","hentry"],"_links":{"self":[{"href":"https:\/\/paxtraios.com\/index.php\/wp-json\/wp\/v2\/pages\/301","targetHints":{"allow":["GET"]}}],"collection":[{"href":"https:\/\/paxtraios.com\/index.php\/wp-json\/wp\/v2\/pages"}],"about":[{"href":"https:\/\/paxtraios.com\/index.php\/wp-json\/wp\/v2\/types\/page"}],"author":[{"embeddable":true,"href":"https:\/\/paxtraios.com\/index.php\/wp-json\/wp\/v2\/users\/1"}],"replies":[{"embeddable":true,"href":"https:\/\/paxtraios.com\/index.php\/wp-json\/wp\/v2\/comments?post=301"}],"version-history":[{"count":25,"href":"https:\/\/paxtraios.com\/index.php\/wp-json\/wp\/v2\/pages\/301\/revisions"}],"predecessor-version":[{"id":1223,"href":"https:\/\/paxtraios.com\/index.php\/wp-json\/wp\/v2\/pages\/301\/revisions\/1223"}],"wp:attachment":[{"href":"https:\/\/paxtraios.com\/index.php\/wp-json\/wp\/v2\/media?parent=301"}],"curies":[{"name":"wp","href":"https:\/\/api.w.org\/{rel}","templated":true}]}}